{"id":18,"date":"2022-12-21T10:19:18","date_gmt":"2022-12-21T09:19:18","guid":{"rendered":"https:\/\/llb.betalert.xyz\/?page_id=18"},"modified":"2022-12-21T10:20:33","modified_gmt":"2022-12-21T09:20:33","slug":"inhaltsverzeichnis","status":"publish","type":"page","link":"https:\/\/llb.betalert.xyz\/index.php\/inhaltsverzeichnis\/","title":{"rendered":"Inhaltsverzeichnis"},"content":{"rendered":"<table width=\"280\">\n<tbody>\n<tr>\n<td width=\"280\">\u2018n poar W\u00f6er v\u00f6rweg<\/td>\n<\/tr>\n<tr>\n<td width=\"280\">Hochd\u00fctsch<\/td>\n<\/tr>\n<tr>\n<td width=\"280\">N i x<\/td>\n<\/tr>\n<tr>\n<td width=\"280\">De J\u00fcngste<\/td>\n<\/tr>\n<tr>\n<td width=\"280\">Eene grusige Nacht<\/td>\n<\/tr>\n<tr>\n<td width=\"280\">Sonndagmorgen<\/td>\n<\/tr>\n<tr>\n<td width=\"280\">De Dorpschandarm<\/td>\n<\/tr>\n<tr>\n<td width=\"280\">Wiehnach\u2019enoabend<\/td>\n<\/tr>\n<tr>\n<td width=\"280\">Kann \u2018n Oap\u2019 wirklich schriewen?<\/td>\n<\/tr>\n<tr>\n<td width=\"280\">De Plumenboom<\/td>\n<\/tr>\n<tr>\n<td width=\"280\">Kinnertied<\/td>\n<\/tr>\n<tr>\n<td width=\"280\">Maidag in\u2019n Moor<\/td>\n<\/tr>\n<tr>\n<td width=\"280\">De \u201egoode\u201c oole Tied<\/td>\n<\/tr>\n<tr>\n<td width=\"280\">Kohh\u00f6er\u2019n<\/td>\n<\/tr>\n<tr>\n<td width=\"280\">Erinnerungen<\/td>\n<\/tr>\n<tr>\n<td width=\"280\">Bloomen f\u00f6r den Schoolmester<\/td>\n<\/tr>\n<tr>\n<td width=\"280\">Up Schilder kanns\u2019 di nich verloaten<\/td>\n<\/tr>\n<tr>\n<td width=\"280\">Noch \u2018n l\u00fcttje Geschicht\u2019 von \u2018n Landschandarm<\/td>\n<\/tr>\n<tr>\n<td width=\"280\">De Upkl\u00e4rung<\/td>\n<\/tr>\n<tr>\n<td width=\"280\">De Klingelleitung<\/td>\n<\/tr>\n<tr>\n<td width=\"280\">Slechte Tieden<\/td>\n<\/tr>\n<tr>\n<td width=\"280\">Boddermelkzoppen<\/td>\n<\/tr>\n<tr>\n<td width=\"280\">Muckefuck un Melkzoppen<\/td>\n<\/tr>\n<tr>\n<td width=\"280\">Hinnerk Jaspers<\/td>\n<\/tr>\n<tr>\n<td width=\"280\">Wenn dat keen Leewde is?<\/td>\n<\/tr>\n<tr>\n<td width=\"280\">Rehabilitiert<\/td>\n<\/tr>\n<tr>\n<td width=\"280\">In\u2019n D\u00fcstern sind all\u2019 Katten grau<\/td>\n<\/tr>\n<tr>\n<td width=\"280\">Twuschen Dau un Dag<\/td>\n<\/tr>\n<tr>\n<td width=\"280\">Harwsttied<\/td>\n<\/tr>\n<tr>\n<td width=\"280\">Tweerlei Meenung<\/td>\n<\/tr>\n<tr>\n<td width=\"280\">Aflegger<\/td>\n<\/tr>\n<tr>\n<td width=\"280\">Kluck \u2013 Kluck \u2013 Kluck<\/td>\n<\/tr>\n<tr>\n<td width=\"280\">Minkoa<\/td>\n<\/tr>\n<tr>\n<td width=\"280\">So geiht \u2018t ook<\/td>\n<\/tr>\n<tr>\n<td width=\"280\">Hoasenbroaden<\/td>\n<\/tr>\n<tr>\n<td width=\"280\">Afnehmen<\/td>\n<\/tr>\n<tr>\n<td width=\"280\">Orientierung<\/td>\n<\/tr>\n<tr>\n<td width=\"280\">Luter goode Warke<\/td>\n<\/tr>\n<tr>\n<td width=\"280\">Anglerlatiensch<\/td>\n<\/tr>\n<tr>\n<td width=\"280\">Kreedit<\/td>\n<\/tr>\n<tr>\n<td width=\"280\">Sien ersten Brand<\/td>\n<\/tr>\n<tr>\n<td width=\"280\">An\u2019t Leit<\/td>\n<\/tr>\n<tr>\n<td width=\"280\">Ansichten un Insichten<\/td>\n<\/tr>\n<tr>\n<td width=\"280\">Sture Ollnborgers<\/td>\n<\/tr>\n<tr>\n<td width=\"280\">Smuttool<\/td>\n<\/tr>\n<tr>\n<td width=\"280\">Eene lustige un woahre Tiergeschichte<\/td>\n<\/tr>\n<tr>\n<td width=\"280\">Noch eene l\u00fcttje Tiergeschichte<\/td>\n<\/tr>\n<tr>\n<td width=\"280\">Oal \u2013 Oal \u2013 nix at Oal<\/td>\n<\/tr>\n<tr>\n<td width=\"280\">Dat Freeluftkonzert<\/td>\n<\/tr>\n<tr>\n<td width=\"280\">Kosakenleed<\/td>\n<\/tr>\n<tr>\n<td width=\"280\">Den Eenen sien Lust \u2013 Den Anner\u2019n sien Last<\/td>\n<\/tr>\n<tr>\n<td width=\"280\">Ordnung<\/td>\n<\/tr>\n<tr>\n<td width=\"280\">Up de verkehrte Beerdigung<\/td>\n<\/tr>\n<tr>\n<td width=\"280\">Up Walze<\/td>\n<\/tr>\n<tr>\n<td width=\"280\">Koffiekr\u00e4nzchen mit Folgen<\/td>\n<\/tr>\n<tr>\n<td width=\"280\">Denken is Glucksoak\u2019<\/td>\n<\/tr>\n<tr>\n<td width=\"280\">Wat\u2019n all\u2019s so belewen kann<\/td>\n<\/tr>\n<tr>\n<td width=\"280\">Generatschonsprobleme<\/td>\n<\/tr>\n<tr>\n<td width=\"280\">Den Eenen sien Dood \u2013\u00a0 den Anner\u2019n sien Brot<\/td>\n<\/tr>\n<tr>\n<td width=\"280\">Sommernachtssirenen<\/td>\n<\/tr>\n<tr>\n<td width=\"280\">De oole Hannibal<\/td>\n<\/tr>\n<tr>\n<td width=\"280\">De D\u00fcwel in \u2018n Koakpott<\/td>\n<\/tr>\n<tr>\n<td width=\"280\">De groode Reis\u2019<\/td>\n<\/tr>\n<tr>\n<td width=\"280\">Woller to Huus<\/td>\n<\/tr>\n<tr>\n<td width=\"280\">Hexenschu\u00df<\/td>\n<\/tr>\n<tr>\n<td width=\"280\">Afscheed<\/td>\n<\/tr>\n<tr>\n<td width=\"280\">Noa\u2019t Gewitter<\/td>\n<\/tr>\n<tr>\n<td width=\"280\">Sommer un Winter<\/td>\n<\/tr>\n<tr>\n<td width=\"280\">Us\u2019 l\u00fcttje Tuunkr\u00fcper<\/td>\n<\/tr>\n<tr>\n<td width=\"280\">Noagedanken<\/td>\n<\/tr>\n<tr>\n<td width=\"280\">Perlen up Mallorca<\/td>\n<\/tr>\n<tr>\n<td width=\"280\">Zelturlaub<\/td>\n<\/tr>\n<tr>\n<td width=\"280\">Wienach\u2019enoabend (Riemels)<\/td>\n<\/tr>\n<tr>\n<td width=\"280\">Sl\u00f6delbelewnisse<\/td>\n<\/tr>\n<tr>\n<td width=\"280\">Oanten in\u2019n Winter<\/td>\n<\/tr>\n<tr>\n<td width=\"280\">Bisl\u00e4pers<\/td>\n<\/tr>\n<tr>\n<td width=\"280\">Us\u2019 Tuunkr\u00fcper<\/td>\n<\/tr>\n<tr>\n<td width=\"280\">F\u00f6hrjoahrswind<\/td>\n<\/tr>\n<tr>\n<td width=\"280\">Harras un de Rein\u2019ke-Rotfoss<\/td>\n<\/tr>\n<tr>\n<td width=\"280\">Haubend\u00fckers<\/td>\n<\/tr>\n<tr>\n<td width=\"280\">F\u00f6hrjoahrsgezwitscher<\/td>\n<\/tr>\n<tr>\n<td width=\"280\">Fleederbeer\u2018n<\/td>\n<\/tr>\n<tr>\n<td width=\"280\">Wienmoaken<\/td>\n<\/tr>\n<tr>\n<td width=\"280\">Paula<\/td>\n<\/tr>\n<tr>\n<td width=\"280\">Slecht h\u00f6r\u2019n<\/td>\n<\/tr>\n<tr>\n<td width=\"280\">Nat\u00fcrliche Ursoaken<\/td>\n<\/tr>\n<tr>\n<td width=\"280\">Gr\u00f6nen Kohl<\/td>\n<\/tr>\n<tr>\n<td width=\"280\">Ut uroole Tieden<\/td>\n<\/tr>\n<tr>\n<td width=\"280\">Sunnenschien<\/td>\n<\/tr>\n<tr>\n<td width=\"280\">Wat is dat All\u2019s doch anners wur\u2019n<\/td>\n<\/tr>\n<tr>\n<td width=\"280\">Kinneroogen<\/td>\n<\/tr>\n<tr>\n<td width=\"280\">Lebensloop<\/td>\n<\/tr>\n<tr>\n<td width=\"280\">Anhang:Woortverkloarung<\/td>\n<\/tr>\n<\/tbody>\n<\/table>\n<p>&nbsp;<\/p>\n","protected":false},"excerpt":{"rendered":"<p>\u2018n poar W\u00f6er v\u00f6rweg Hochd\u00fctsch N i x De J\u00fcngste Eene grusige Nacht Sonndagmorgen De Dorpschandarm Wiehnach\u2019enoabend Kann \u2018n Oap\u2019 wirklich schriewen? De Plumenboom Kinnertied Maidag in\u2019n Moor De \u201egoode\u201c oole Tied Kohh\u00f6er\u2019n Erinnerungen Bloomen f\u00f6r den Schoolmester Up Schilder kanns\u2019 di nich verloaten Noch \u2018n l\u00fcttje Geschicht\u2019 von \u2018n Landschandarm De Upkl\u00e4rung De Klingelleitung &hellip;<\/p>\n<p class=\"read-more\"> <a class=\"\" href=\"https:\/\/llb.betalert.xyz\/index.php\/inhaltsverzeichnis\/\"> <span class=\"screen-reader-text\">Inhaltsverzeichnis<\/span> Weiterlesen &raquo;<\/a><\/p>\n","protected":false},"author":1,"featured_media":0,"parent":0,"menu_order":0,"comment_status":"closed","ping_status":"closed","template":"","meta":{"site-sidebar-layout":"default","site-content-layout":"default","ast-global-header-display":"","ast-main-header-display":"","ast-hfb-above-header-display":"","ast-hfb-below-header-display":"","ast-hfb-mobile-header-display":"","site-post-title":"","ast-breadcrumbs-content":"","ast-featured-img":"","footer-sml-layout":"","theme-transparent-header-meta":"default","adv-header-id-meta":"","stick-header-meta":"","header-above-stick-meta":"","header-main-stick-meta":"","header-below-stick-meta":""},"_links":{"self":[{"href":"https:\/\/llb.betalert.xyz\/index.php\/wp-json\/wp\/v2\/pages\/18"}],"collection":[{"href":"https:\/\/llb.betalert.xyz\/index.php\/wp-json\/wp\/v2\/pages"}],"about":[{"href":"https:\/\/llb.betalert.xyz\/index.php\/wp-json\/wp\/v2\/types\/page"}],"author":[{"embeddable":true,"href":"https:\/\/llb.betalert.xyz\/index.php\/wp-json\/wp\/v2\/users\/1"}],"replies":[{"embeddable":true,"href":"https:\/\/llb.betalert.xyz\/index.php\/wp-json\/wp\/v2\/comments?post=18"}],"version-history":[{"count":2,"href":"https:\/\/llb.betalert.xyz\/index.php\/wp-json\/wp\/v2\/pages\/18\/revisions"}],"predecessor-version":[{"id":20,"href":"https:\/\/llb.betalert.xyz\/index.php\/wp-json\/wp\/v2\/pages\/18\/revisions\/20"}],"wp:attachment":[{"href":"https:\/\/llb.betalert.xyz\/index.php\/wp-json\/wp\/v2\/media?parent=18"}],"curies":[{"name":"wp","href":"https:\/\/api.w.org\/{rel}","templated":true}]}}