{"id":9,"date":"2022-12-21T10:17:45","date_gmt":"2022-12-21T09:17:45","guid":{"rendered":"https:\/\/llb.betalert.xyz\/?page_id=9"},"modified":"2022-12-21T10:17:45","modified_gmt":"2022-12-21T09:17:45","slug":"herzlich-willkommen-auf-luter-luettje-begebenheiten","status":"publish","type":"page","link":"https:\/\/llb.betalert.xyz\/","title":{"rendered":"Herzlich willkommen auf &#8222;Luter L\u00fcttje Begebenheiten&#8220;"},"content":{"rendered":"<p><em><img decoding=\"async\" loading=\"lazy\" class=\"size-medium wp-image-10 alignleft\" src=\"https:\/\/llb.betalert.xyz\/wp-content\/uploads\/2022\/12\/Buchumschlag-050711-1b-209x300.jpg\" alt=\"\" width=\"209\" height=\"300\" srcset=\"https:\/\/llb.betalert.xyz\/wp-content\/uploads\/2022\/12\/Buchumschlag-050711-1b-209x300.jpg 209w, https:\/\/llb.betalert.xyz\/wp-content\/uploads\/2022\/12\/Buchumschlag-050711-1b-715x1024.jpg 715w, https:\/\/llb.betalert.xyz\/wp-content\/uploads\/2022\/12\/Buchumschlag-050711-1b-768x1100.jpg 768w, https:\/\/llb.betalert.xyz\/wp-content\/uploads\/2022\/12\/Buchumschlag-050711-1b-1073x1536.jpg 1073w, https:\/\/llb.betalert.xyz\/wp-content\/uploads\/2022\/12\/Buchumschlag-050711-1b.jpg 1104w\" sizes=\"(max-width: 209px) 100vw, 209px\" \/>Luter <\/em><em>l\u00fcttje Begebenheiten\u201c ist eine Sammlung plattdeutscher Geschichten und Reime, geschrieben und zum Teil auch illustriert von meiner Mutter Helga Siedenburg (1927 &#8211; 1995). <\/em><\/p>\n<p><em>Das Buch ist im August 2011 im Verlag edition winterwork erschienen und kann im Buchhandel oder beim <\/em><a href=\"http:\/\/www.edition-buchshop.de\/buchshop-artikel-luter_luettje_begebenheiten-386.htm\">Verlagsshop<\/a> <em>bestellt werden. Im November 2011 wurde es auf der Veranstaltung des Ollnborger Kring \u201eUt nee&#8217;e plattd\u00fc\u00fctsch B\u00f6ker\u201c in Oldenburg, auf der Plattdeutschen Buchmesse in Hamburg und im M\u00e4rz 2012 auf der Leipziger Buchmesse pr\u00e4sentiert.<\/em><\/p>\n<p><em>Ich freue mich \u00fcber Lob, Kritik und Anregungen, entweder <\/em><\/p>\n<p><em>per Mail an <\/em><a href=\"mailto:luterluettje@online.de\">luterluettje@online.de<\/a><em>, bei <\/em><a href=\"http:\/\/de-de.facebook.com\/pages\/Luter-l%C3%BCttje-Begebenheiten\/156221881138074\">Facebook<\/a><em> oder bei <\/em><a href=\"https:\/\/plus.google.com\/112275092434395430314#s\/Luter%20l%C3%BCttje%20Begebenheiten\">google+<\/a><\/p>\n","protected":false},"excerpt":{"rendered":"<p>Luter l\u00fcttje Begebenheiten\u201c ist eine Sammlung plattdeutscher Geschichten und Reime, geschrieben und zum Teil auch illustriert von meiner Mutter Helga Siedenburg (1927 &#8211; 1995). Das Buch ist im August 2011 im Verlag edition winterwork erschienen und kann im Buchhandel oder beim Verlagsshop bestellt werden. Im November 2011 wurde es auf der Veranstaltung des Ollnborger Kring &hellip;<\/p>\n<p class=\"read-more\"> <a class=\"\" href=\"https:\/\/llb.betalert.xyz\/\"> <span class=\"screen-reader-text\">Herzlich willkommen auf &#8222;Luter L\u00fcttje Begebenheiten&#8220;<\/span> Weiterlesen &raquo;<\/a><\/p>\n","protected":false},"author":1,"featured_media":0,"parent":0,"menu_order":0,"comment_status":"closed","ping_status":"closed","template":"","meta":{"site-sidebar-layout":"default","site-content-layout":"default","ast-global-header-display":"","ast-main-header-display":"","ast-hfb-above-header-display":"","ast-hfb-below-header-display":"","ast-hfb-mobile-header-display":"","site-post-title":"","ast-breadcrumbs-content":"","ast-featured-img":"","footer-sml-layout":"","theme-transparent-header-meta":"default","adv-header-id-meta":"","stick-header-meta":"","header-above-stick-meta":"","header-main-stick-meta":"","header-below-stick-meta":""},"_links":{"self":[{"href":"https:\/\/llb.betalert.xyz\/index.php\/wp-json\/wp\/v2\/pages\/9"}],"collection":[{"href":"https:\/\/llb.betalert.xyz\/index.php\/wp-json\/wp\/v2\/pages"}],"about":[{"href":"https:\/\/llb.betalert.xyz\/index.php\/wp-json\/wp\/v2\/types\/page"}],"author":[{"embeddable":true,"href":"https:\/\/llb.betalert.xyz\/index.php\/wp-json\/wp\/v2\/users\/1"}],"replies":[{"embeddable":true,"href":"https:\/\/llb.betalert.xyz\/index.php\/wp-json\/wp\/v2\/comments?post=9"}],"version-history":[{"count":1,"href":"https:\/\/llb.betalert.xyz\/index.php\/wp-json\/wp\/v2\/pages\/9\/revisions"}],"predecessor-version":[{"id":11,"href":"https:\/\/llb.betalert.xyz\/index.php\/wp-json\/wp\/v2\/pages\/9\/revisions\/11"}],"wp:attachment":[{"href":"https:\/\/llb.betalert.xyz\/index.php\/wp-json\/wp\/v2\/media?parent=9"}],"curies":[{"name":"wp","href":"https:\/\/api.w.org\/{rel}","templated":true}]}}